{"id":1185,"date":"2018-12-05T08:30:34","date_gmt":"2018-12-05T11:30:34","guid":{"rendered":"https:\/\/ies9023-mza.infd.edu.ar\/sitio\/?page_id=1185"},"modified":"2026-04-27T12:55:17","modified_gmt":"2026-04-27T15:55:17","slug":"tecnicatura-superior-en-enologia-e-industrias-alimentarias","status":"publish","type":"page","link":"https:\/\/ies9023-infd.mendoza.edu.ar\/sitio\/oferta-academica-2\/tecnicatura-superior-en-enologia-e-industrias-alimentarias\/","title":{"rendered":"Tecnicatura Superior en Enolog\u00eda e Industrias Frutihort\u00edcolas"},"content":{"rendered":"<p><strong>Tecnicatura Superior en Enolog\u00eda e Industrias de los Alimentos<\/strong><br><strong>RESOL-2025-6286-E-GDEMZA-DGE<\/strong><\/p>\n<p>ESPECIFICACI\u00d3N DE LA CARRERA<\/p>\n<p>\u2022 T\u00cdTULO QUE OTORGA: T\u00e9cnico\/a Superior en Enolog\u00eda e Industrias Frutihort\u00edcolas<\/p>\n<p>\u2022 FAMILIA PROFESIONAL: Industria de los alimentos.<\/p>\n<p>\u2022 SECTOR: Alimentos.<\/p>\n<p>\u2022 SUBSECTOR: Tecnolog\u00eda de los Alimentos.<\/p>\n<p>\u2022 CARGA HORARIA: 2970 horas c\u00e1tedra \/ 1980 horas reloj.<\/p>\n<p>\u2022 MODALIDAD: Presencial<\/p>\n<p>\u2022 DURACI\u00d3N: 6 cuatrimestres \u2013 3 a\u00f1os<\/p>\n<p>\u2022 CONDICIONES DE INGRESO:<\/p>\n<p>Haber aprobado el Nivel Secundario o Ciclo Polimodal, o bien, ser mayor de 25 a\u00f1os seg\u00fan lo establecido en el Art. 7\u00b0 de la Ley de Educaci\u00f3n Superior N\u00b0 24.521 y cumplimentar lo establecido en la normativa provincial vigente.<\/p>\n<h6>Horario de cursado:<br>TURNO NOCHE 19.00 A 23.00 Hs.<\/h6>\n<p><em>En el curso de Ingreso debe rendir: Matem\u00e1tica, Qu\u00edmica<\/em><\/p>\n<p><\/p>\n\n\n<p><\/p>\n\n\n\n<div class=\"wp-block-file\"><object class=\"wp-block-file__embed\" data=\"https:\/\/ies9023-infd.mendoza.edu.ar\/sitio\/wp-content\/uploads\/2026\/04\/RS-2025-6286-GDEMZA-DGE-Tecnicatura-Superior-en-Enologia-e-Industrias-Frutihorticolasanexo.pdf\" type=\"application\/pdf\" style=\"width:100%;height:600px\" aria-label=\"Incrustado de RS-2025-6286-GDEMZA-DGE-Tecnicatura-Superior-en-Enologia-e-Industrias-Frutihorticolasanexo.\"><\/object><a id=\"wp-block-file--media-66fa8af1-1d87-4cd8-9a1b-f0264c4423d9\" href=\"https:\/\/ies9023-infd.mendoza.edu.ar\/sitio\/wp-content\/uploads\/2026\/04\/RS-2025-6286-GDEMZA-DGE-Tecnicatura-Superior-en-Enologia-e-Industrias-Frutihorticolasanexo.pdf\">RS-2025-6286-GDEMZA-DGE-Tecnicatura-Superior-en-Enologia-e-Industrias-Frutihorticolasanexo<\/a><a href=\"https:\/\/ies9023-infd.mendoza.edu.ar\/sitio\/wp-content\/uploads\/2026\/04\/RS-2025-6286-GDEMZA-DGE-Tecnicatura-Superior-en-Enologia-e-Industrias-Frutihorticolasanexo.pdf\" class=\"wp-block-file__button wp-element-button\" download aria-describedby=\"wp-block-file--media-66fa8af1-1d87-4cd8-9a1b-f0264c4423d9\">Descarga<\/a><\/div>\n","protected":false},"excerpt":{"rendered":"<p>Tecnicatura Superior en Enolog\u00eda e Industrias de los AlimentosRESOL-2025-6286-E-GDEMZA-DGE ESPECIFICACI\u00d3N DE LA CARRERA \u2022 T\u00cdTULO QUE OTORGA: T\u00e9cnico\/a Superior en Enolog\u00eda e Industrias Frutihort\u00edcolas \u2022 FAMILIA PROFESIONAL: Industria de los alimentos. \u2022 SECTOR: Alimentos. \u2022 SUBSECTOR: Tecnolog\u00eda de los Alimentos. \u2022 CARGA HORARIA: 2970 horas c\u00e1tedra \/ 1980 horas reloj. \u2022 MODALIDAD: Presencial \u2022 DURACI\u00d3N: &#8230; <a title=\"Tecnicatura Superior en Enolog\u00eda e Industrias Frutihort\u00edcolas\" class=\"read-more\" href=\"https:\/\/ies9023-infd.mendoza.edu.ar\/sitio\/oferta-academica-2\/tecnicatura-superior-en-enologia-e-industrias-alimentarias\/\" aria-label=\"More on Tecnicatura Superior en Enolog\u00eda e Industrias Frutihort\u00edcolas\">[+]<\/a><\/p>\n","protected":false},"author":551,"featured_media":0,"parent":2749,"menu_order":0,"comment_status":"closed","ping_status":"closed","template":"","meta":[],"acf":[],"_links":{"self":[{"href":"https:\/\/ies9023-infd.mendoza.edu.ar\/sitio\/wp-json\/wp\/v2\/pages\/1185"}],"collection":[{"href":"https:\/\/ies9023-infd.mendoza.edu.ar\/sitio\/wp-json\/wp\/v2\/pages"}],"about":[{"href":"https:\/\/ies9023-infd.mendoza.edu.ar\/sitio\/wp-json\/wp\/v2\/types\/page"}],"author":[{"embeddable":true,"href":"https:\/\/ies9023-infd.mendoza.edu.ar\/sitio\/wp-json\/wp\/v2\/users\/551"}],"replies":[{"embeddable":true,"href":"https:\/\/ies9023-infd.mendoza.edu.ar\/sitio\/wp-json\/wp\/v2\/comments?post=1185"}],"version-history":[{"count":11,"href":"https:\/\/ies9023-infd.mendoza.edu.ar\/sitio\/wp-json\/wp\/v2\/pages\/1185\/revisions"}],"predecessor-version":[{"id":3710,"href":"https:\/\/ies9023-infd.mendoza.edu.ar\/sitio\/wp-json\/wp\/v2\/pages\/1185\/revisions\/3710"}],"up":[{"embeddable":true,"href":"https:\/\/ies9023-infd.mendoza.edu.ar\/sitio\/wp-json\/wp\/v2\/pages\/2749"}],"wp:attachment":[{"href":"https:\/\/ies9023-infd.mendoza.edu.ar\/sitio\/wp-json\/wp\/v2\/media?parent=1185"}],"curies":[{"name":"wp","href":"https:\/\/api.w.org\/{rel}","templated":true}]}}