{"id":1054,"date":"2018-08-31T14:22:06","date_gmt":"2018-08-31T17:22:06","guid":{"rendered":"https:\/\/ies9023-mza.infd.edu.ar\/sitio\/tecnicatura-superior-en-enfermeria-2\/"},"modified":"2026-04-29T12:38:08","modified_gmt":"2026-04-29T15:38:08","slug":"tecnicatura-superior-en-enfermeria-2","status":"publish","type":"page","link":"https:\/\/ies9023-infd.mendoza.edu.ar\/sitio\/oferta-academica-2\/tecnicatura-superior-en-enfermeria-2\/","title":{"rendered":"Tecnicatura Superior en Enfermer\u00eda"},"content":{"rendered":"<p><img decoding=\"async\" loading=\"lazy\" class=\"alignnone  wp-image-2360\" src=\"https:\/\/ies9023-infd.mendoza.edu.ar\/sitio\/wp-content\/uploads\/2022\/08\/Tec-Enfermeria-v03-998x1000-1.jpg\" alt=\"\" width=\"555\" height=\"556\" srcset=\"https:\/\/ies9023-infd.mendoza.edu.ar\/sitio\/wp-content\/uploads\/2022\/08\/Tec-Enfermeria-v03-998x1000-1.jpg 998w, https:\/\/ies9023-infd.mendoza.edu.ar\/sitio\/wp-content\/uploads\/2022\/08\/Tec-Enfermeria-v03-998x1000-1-500x500.jpg 500w, https:\/\/ies9023-infd.mendoza.edu.ar\/sitio\/wp-content\/uploads\/2022\/08\/Tec-Enfermeria-v03-998x1000-1-768x770.jpg 768w\" sizes=\"(max-width: 555px) 100vw, 555px\" \/><\/p>\n<p><strong>Tecnicatura Superior en Enfermer\u00eda<\/strong><br \/>\n<strong><br \/>\nResoluciones vigentes:<br \/>\nEstudiantes que ingresaron desde el 2025 ANEXO RESOL-2024-6679-E-GDEMZA-DGE \u2013 Plan de estudio para la carrera de \u201cEnfermero-a Profesional\u201d<br \/>\nEstudiante que ingresaron antes del 2025 y no cambiaron de plan RESOLUCI\u00d3N 2679-DGE-15<br \/>\n<\/strong><\/p>\n<h6>Horario de cursado:<br \/>\nTURNO INTERMEDIO 14.30 A 18.30H<\/h6>\n<p><em>En el curso de Ingreso debe rendir: Biolog\u00eda y Qu\u00edmica<\/em><\/p>\n<div><a href=\"https:\/\/ies9023-infd.mendoza.edu.ar\/sitio\/wp-content\/uploads\/2026\/04\/ANEXO-RESOL-2024-6679-E-GDEMZA-DGE-Plan-de-estudio-para-la-carrera-de-Enfermero-a-Profesional.pdf\">ANEXO-RESOL-2024-6679-E-GDEMZA-DGE-Plan-de-estudio-para-la-carrera-de-Enfermero-a-Profesional<\/a><\/div>\n<div><a href=\"https:\/\/ies9023-infd.mendoza.edu.ar\/sitio\/wp-content\/uploads\/2026\/04\/RESOL-2015-2679-DGE-TS-_Enfermeria_Profesional-comprimido.pdf\">RESOL-2015-2679-DGE TS _Enfermeria_Profesional-comprimido<\/a><\/div>\n","protected":false},"excerpt":{"rendered":"<p>Tecnicatura Superior en Enfermer\u00eda Resoluciones vigentes: Estudiantes que ingresaron desde el 2025 ANEXO RESOL-2024-6679-E-GDEMZA-DGE \u2013 Plan de estudio para la carrera de \u201cEnfermero-a Profesional\u201d Estudiante que ingresaron antes del 2025 y no cambiaron de plan RESOLUCI\u00d3N 2679-DGE-15 Horario de cursado: TURNO INTERMEDIO 14.30 A 18.30H En el curso de Ingreso debe rendir: Biolog\u00eda y Qu\u00edmica &#8230; <a title=\"Tecnicatura Superior en Enfermer\u00eda\" class=\"read-more\" href=\"https:\/\/ies9023-infd.mendoza.edu.ar\/sitio\/oferta-academica-2\/tecnicatura-superior-en-enfermeria-2\/\" aria-label=\"More on Tecnicatura Superior en Enfermer\u00eda\">[+]<\/a><\/p>\n","protected":false},"author":528,"featured_media":0,"parent":2749,"menu_order":0,"comment_status":"closed","ping_status":"closed","template":"","meta":[],"acf":[],"_links":{"self":[{"href":"https:\/\/ies9023-infd.mendoza.edu.ar\/sitio\/wp-json\/wp\/v2\/pages\/1054"}],"collection":[{"href":"https:\/\/ies9023-infd.mendoza.edu.ar\/sitio\/wp-json\/wp\/v2\/pages"}],"about":[{"href":"https:\/\/ies9023-infd.mendoza.edu.ar\/sitio\/wp-json\/wp\/v2\/types\/page"}],"author":[{"embeddable":true,"href":"https:\/\/ies9023-infd.mendoza.edu.ar\/sitio\/wp-json\/wp\/v2\/users\/528"}],"replies":[{"embeddable":true,"href":"https:\/\/ies9023-infd.mendoza.edu.ar\/sitio\/wp-json\/wp\/v2\/comments?post=1054"}],"version-history":[{"count":7,"href":"https:\/\/ies9023-infd.mendoza.edu.ar\/sitio\/wp-json\/wp\/v2\/pages\/1054\/revisions"}],"predecessor-version":[{"id":3739,"href":"https:\/\/ies9023-infd.mendoza.edu.ar\/sitio\/wp-json\/wp\/v2\/pages\/1054\/revisions\/3739"}],"up":[{"embeddable":true,"href":"https:\/\/ies9023-infd.mendoza.edu.ar\/sitio\/wp-json\/wp\/v2\/pages\/2749"}],"wp:attachment":[{"href":"https:\/\/ies9023-infd.mendoza.edu.ar\/sitio\/wp-json\/wp\/v2\/media?parent=1054"}],"curies":[{"name":"wp","href":"https:\/\/api.w.org\/{rel}","templated":true}]}}