{"id":1052,"date":"2018-08-31T14:22:05","date_gmt":"2018-08-31T17:22:05","guid":{"rendered":"https:\/\/ies9023-mza.infd.edu.ar\/sitio\/tecnicatura-superior-en-mecatronica-2\/"},"modified":"2026-04-27T12:58:20","modified_gmt":"2026-04-27T15:58:20","slug":"tecnicatura-superior-en-mecatronica-2","status":"publish","type":"page","link":"https:\/\/ies9023-infd.mendoza.edu.ar\/sitio\/oferta-academica-2\/tecnicatura-superior-en-mecatronica-2\/","title":{"rendered":"Tecnicatura Superior en Mecatr\u00f3nica"},"content":{"rendered":"<p><img decoding=\"async\" loading=\"lazy\" class=\"wp-image-2370 aligncenter\" src=\"https:\/\/ies9023-infd.mendoza.edu.ar\/sitio\/wp-content\/uploads\/2022\/08\/Tec-Mecatronica-v03-964x1000-1.jpg\" alt=\"\" width=\"658\" height=\"682\" srcset=\"https:\/\/ies9023-infd.mendoza.edu.ar\/sitio\/wp-content\/uploads\/2022\/08\/Tec-Mecatronica-v03-964x1000-1.jpg 964w, https:\/\/ies9023-infd.mendoza.edu.ar\/sitio\/wp-content\/uploads\/2022\/08\/Tec-Mecatronica-v03-964x1000-1-768x797.jpg 768w\" sizes=\"(max-width: 658px) 100vw, 658px\" \/><\/p>\n<p><strong><u>Tecnicatura Superior en Mecatr\u00f3nica<\/u><\/strong>\u00a0\u00a0<\/p>\n<p><strong>(Res. <a href=\"https:\/\/ies9023-infd.mendoza.edu.ar\/sitio\/wp-content\/uploads\/2025\/12\/Resol-2019-0430-DGE-TS-en-Mecatronica.pdf\">430-DGE-19)<\/a><\/strong><\/p>\n<h6>Horario de cursado:<br \/>TURNO NOCHE 19 A 23H<\/h6>\n<p><em>En el curso de Ingreso debe rendir: Matem\u00e1tica, F\u00edsica<\/em><\/p>\n<div><strong>PRIMER A\u00d1O<\/strong><\/div>\n<div>1 SISTEMAS MEC\u00c1NICOS<\/div>\n<div>2 SISTEMAS EL\u00c9CTRICOS Y ELECTR\u00d3NICOS<\/div>\n<div>3 SISTEMAS DE CONTROL<\/div>\n<div>4 SISTEMAS INFORM\u00c1TICOS<\/div>\n<div>5 ELEMENTOS DE COMUNICACI\u00d3N<\/div>\n<div>6 GESTI\u00d3N DE EMPRENDIMIENTOS<\/div>\n<div>\u00a0<\/div>\n<div><strong>SEGUNDO A\u00d1O<\/strong><\/div>\n<div>7 DISPOSITIVOS ELECTROMEC\u00c1NICOS<\/div>\n<div>8 SISTEMAS DE CONTROL AUTOM\u00c1TICO<\/div>\n<div>9 SISTEMAS INFORM\u00c1TICOS DE CONTROL<\/div>\n<div>10 PROCESOS DE FABRICACI\u00d3N<\/div>\n<div>11 REPRESENTACI\u00d3N DE SISTEMAS MECATR\u00d3NICOS<\/div>\n<div>12 SISTEMAS CAD, CAM, CAE<\/div>\n<div>\u00a0<\/div>\n<div><strong>TERCER A\u00d1O<\/strong><\/div>\n<div>13 PROYECTO DE MECATR\u00d3NICA (ORIENTACI\u00d3N)<\/div>\n<div>14 SIMULACI\u00d3N DE SISTEMAS MECATR\u00d3NICOS<\/div>\n<div>15 PROCESOS Y GESTI\u00d3N DE MANTENIMIENTO Y CALIDAD<\/div>\n<div>16 CONFIGURACI\u00d3N DE SISTEMAS MECATR\u00d3NICOS<\/div>\n<div>17 FORMACI\u00d3N Y ORIENTACI\u00d3N LABORAL<\/div>\n<div>\u00a0<\/div>\n<p>\u00a0<\/p>\n<p><strong>\u00a0<\/strong><\/p>\n<p>\u00a0<\/p>\n<p><strong><u>\u00a0<\/u><\/strong><\/p>\n\n\n<p><\/p>\n","protected":false},"excerpt":{"rendered":"<p>Tecnicatura Superior en Mecatr\u00f3nica\u00a0\u00a0 (Res. 430-DGE-19) Horario de cursado:TURNO NOCHE 19 A 23H En el curso de Ingreso debe rendir: Matem\u00e1tica, F\u00edsica PRIMER A\u00d1O 1 SISTEMAS MEC\u00c1NICOS 2 SISTEMAS EL\u00c9CTRICOS Y ELECTR\u00d3NICOS 3 SISTEMAS DE CONTROL 4 SISTEMAS INFORM\u00c1TICOS 5 ELEMENTOS DE COMUNICACI\u00d3N 6 GESTI\u00d3N DE EMPRENDIMIENTOS \u00a0 SEGUNDO A\u00d1O 7 DISPOSITIVOS ELECTROMEC\u00c1NICOS 8 SISTEMAS &#8230; <a title=\"Tecnicatura Superior en Mecatr\u00f3nica\" class=\"read-more\" href=\"https:\/\/ies9023-infd.mendoza.edu.ar\/sitio\/oferta-academica-2\/tecnicatura-superior-en-mecatronica-2\/\" aria-label=\"More on Tecnicatura Superior en Mecatr\u00f3nica\">[+]<\/a><\/p>\n","protected":false},"author":528,"featured_media":0,"parent":2749,"menu_order":0,"comment_status":"closed","ping_status":"closed","template":"","meta":[],"acf":[],"_links":{"self":[{"href":"https:\/\/ies9023-infd.mendoza.edu.ar\/sitio\/wp-json\/wp\/v2\/pages\/1052"}],"collection":[{"href":"https:\/\/ies9023-infd.mendoza.edu.ar\/sitio\/wp-json\/wp\/v2\/pages"}],"about":[{"href":"https:\/\/ies9023-infd.mendoza.edu.ar\/sitio\/wp-json\/wp\/v2\/types\/page"}],"author":[{"embeddable":true,"href":"https:\/\/ies9023-infd.mendoza.edu.ar\/sitio\/wp-json\/wp\/v2\/users\/528"}],"replies":[{"embeddable":true,"href":"https:\/\/ies9023-infd.mendoza.edu.ar\/sitio\/wp-json\/wp\/v2\/comments?post=1052"}],"version-history":[{"count":9,"href":"https:\/\/ies9023-infd.mendoza.edu.ar\/sitio\/wp-json\/wp\/v2\/pages\/1052\/revisions"}],"predecessor-version":[{"id":3712,"href":"https:\/\/ies9023-infd.mendoza.edu.ar\/sitio\/wp-json\/wp\/v2\/pages\/1052\/revisions\/3712"}],"up":[{"embeddable":true,"href":"https:\/\/ies9023-infd.mendoza.edu.ar\/sitio\/wp-json\/wp\/v2\/pages\/2749"}],"wp:attachment":[{"href":"https:\/\/ies9023-infd.mendoza.edu.ar\/sitio\/wp-json\/wp\/v2\/media?parent=1052"}],"curies":[{"name":"wp","href":"https:\/\/api.w.org\/{rel}","templated":true}]}}