{"id":1048,"date":"2022-08-30T08:01:57","date_gmt":"2022-08-30T11:01:57","guid":{"rendered":"https:\/\/ies9023-mza.infd.edu.ar\/sitio\/tecnicatura-superior-en-analisis-y-programacion-de-sistemas\/"},"modified":"2025-12-11T21:41:03","modified_gmt":"2025-12-12T00:41:03","slug":"tecnicatura-superior-en-desarrollo-de-software","status":"publish","type":"page","link":"https:\/\/ies9023-infd.mendoza.edu.ar\/sitio\/oferta-academica-2\/tecnicatura-superior-en-desarrollo-de-software\/","title":{"rendered":"Tecnicatura Superior en Desarrollo de Software"},"content":{"rendered":"<p><img decoding=\"async\" loading=\"lazy\" class=\"wp-image-2334 alignright\" src=\"https:\/\/ies9023-infd.mendoza.edu.ar\/sitio\/wp-content\/uploads\/2022\/08\/Tec-Desarrollo-de-Software-1000x945-1-1000x945.jpeg\" alt=\"\" width=\"385\" height=\"363\" srcset=\"https:\/\/ies9023-infd.mendoza.edu.ar\/sitio\/wp-content\/uploads\/2022\/08\/Tec-Desarrollo-de-Software-1000x945-1-1000x945.jpeg 1000w, https:\/\/ies9023-infd.mendoza.edu.ar\/sitio\/wp-content\/uploads\/2022\/08\/Tec-Desarrollo-de-Software-1000x945-1-768x726.jpeg 768w, https:\/\/ies9023-infd.mendoza.edu.ar\/sitio\/wp-content\/uploads\/2022\/08\/Tec-Desarrollo-de-Software-1000x945-1.jpeg 1280w\" sizes=\"(max-width: 385px) 100vw, 385px\" \/><\/p>\n<h2><\/h2>\n<h2><\/h2>\n<h2>Duraci\u00f3n de la carrera\u00a03 (tres) a\u00f1os.<\/h2>\n<p><strong><a href=\"https:\/\/ies9023-infd.mendoza.edu.ar\/sitio\/wp-content\/uploads\/2025\/12\/Resol-2019-0501-DGE-TS-en-Desarrollo-de-Software.pdf\">Resol. 501-<\/a>DGE- 19<\/strong><\/p>\n<h6>Horario de cursado: TURNO INTERMEDIO 14.30 A 18.30H<\/h6>\n<p><em>En el curso de Ingreso debe rendir: Matem\u00e1tica, L\u00f3gica<\/em><\/p>\n<div><strong>PRIMER A\u00d1O<\/strong><\/div>\n<div>1 PROGRAMACI\u00d3N I<\/div>\n<div>2 ARQUITECTURA DE COMPUTADORAS<\/div>\n<div>3 REQUERIMIENTOS DE SOFTWARE<\/div>\n<div>4 \u00c1LGEBRA<\/div>\n<div>5 INGL\u00c9S T\u00c9CNICO I<\/div>\n<div>6 COMPRENSI\u00d3N Y PRODUCCI\u00d3N DE TEXTOS<\/div>\n<div>7 L\u00d3GICA COMPUTACIONAL<\/div>\n<div>8 PROBLEM\u00c1TICA SOCIOCULTURAL Y DEL TRABAJO<\/div>\n<div>9 SISTEMAS ADMINISTRATIVOS APLICADOS<\/div>\n<div>10 PR\u00c1CTICA PROFESIONALIZANTE I<\/div>\n<div><\/div>\n<div><strong>SEGUNDO A\u00d1O<\/strong><\/div>\n<div>11 COMUNICACIONES Y REDES<\/div>\n<div>12 PROGRAMACI\u00d3N II<\/div>\n<div>13 MATEM\u00c1TICA DISCRETA<\/div>\n<div>14 AN\u00c1LISIS MATEM\u00c1TICO<\/div>\n<div>15 INGL\u00c9S T\u00c9CNICO II<\/div>\n<div>16 MODELADO DE SOFTWARE<\/div>\n<div>17 BASES DE DATOS I<\/div>\n<div>18 SISTEMAS OPERATIVOS<\/div>\n<div>19 PR\u00c1CTICA PROFESIONALIZANTE II<\/div>\n<div><\/div>\n<div><strong>TERCER A\u00d1O<\/strong><\/div>\n<div>20 PROGRAMACI\u00d3N III<\/div>\n<div>21 ARQUITECTURA Y DISE\u00d1O DE INTERFACES<\/div>\n<div>22 AUDITOR\u00cdA Y CALIDAD DE SISTEMAS<\/div>\n<div>23 SEGURIDAD INFORM\u00c1TICA<\/div>\n<div>24 INGL\u00c9S T\u00c9CNICO III<\/div>\n<div>25 BASES DE DATOS II<\/div>\n<div>26 PROBABILIDAD Y ESTAD\u00cdSTICA<\/div>\n<div>27 LEGISLACI\u00d3N INFORM\u00c1TICA<\/div>\n<div>28 \u00c9TICA PROFESIONAL<\/div>\n<div>29 GESTI\u00d3N DE PROYECTOS DE SOFTWARE<\/div>\n<div>30 PR\u00c1CTICA PROFESIONALIZANTE III<\/div>\n<div><\/div>\n","protected":false},"excerpt":{"rendered":"<p>Duraci\u00f3n de la carrera\u00a03 (tres) a\u00f1os. Resol. 501-DGE- 19 Horario de cursado: TURNO INTERMEDIO 14.30 A 18.30H En el curso de Ingreso debe rendir: Matem\u00e1tica, L\u00f3gica PRIMER A\u00d1O 1 PROGRAMACI\u00d3N I 2 ARQUITECTURA DE COMPUTADORAS 3 REQUERIMIENTOS DE SOFTWARE 4 \u00c1LGEBRA 5 INGL\u00c9S T\u00c9CNICO I 6 COMPRENSI\u00d3N Y PRODUCCI\u00d3N DE TEXTOS 7 L\u00d3GICA COMPUTACIONAL 8 &#8230; <a title=\"Tecnicatura Superior en Desarrollo de Software\" class=\"read-more\" href=\"https:\/\/ies9023-infd.mendoza.edu.ar\/sitio\/oferta-academica-2\/tecnicatura-superior-en-desarrollo-de-software\/\" aria-label=\"More on Tecnicatura Superior en Desarrollo de Software\">[+]<\/a><\/p>\n","protected":false},"author":546,"featured_media":0,"parent":2749,"menu_order":0,"comment_status":"closed","ping_status":"closed","template":"","meta":[],"acf":[],"_links":{"self":[{"href":"https:\/\/ies9023-infd.mendoza.edu.ar\/sitio\/wp-json\/wp\/v2\/pages\/1048"}],"collection":[{"href":"https:\/\/ies9023-infd.mendoza.edu.ar\/sitio\/wp-json\/wp\/v2\/pages"}],"about":[{"href":"https:\/\/ies9023-infd.mendoza.edu.ar\/sitio\/wp-json\/wp\/v2\/types\/page"}],"author":[{"embeddable":true,"href":"https:\/\/ies9023-infd.mendoza.edu.ar\/sitio\/wp-json\/wp\/v2\/users\/546"}],"replies":[{"embeddable":true,"href":"https:\/\/ies9023-infd.mendoza.edu.ar\/sitio\/wp-json\/wp\/v2\/comments?post=1048"}],"version-history":[{"count":18,"href":"https:\/\/ies9023-infd.mendoza.edu.ar\/sitio\/wp-json\/wp\/v2\/pages\/1048\/revisions"}],"predecessor-version":[{"id":3697,"href":"https:\/\/ies9023-infd.mendoza.edu.ar\/sitio\/wp-json\/wp\/v2\/pages\/1048\/revisions\/3697"}],"up":[{"embeddable":true,"href":"https:\/\/ies9023-infd.mendoza.edu.ar\/sitio\/wp-json\/wp\/v2\/pages\/2749"}],"wp:attachment":[{"href":"https:\/\/ies9023-infd.mendoza.edu.ar\/sitio\/wp-json\/wp\/v2\/media?parent=1048"}],"curies":[{"name":"wp","href":"https:\/\/api.w.org\/{rel}","templated":true}]}}