{"id":1044,"date":"2018-08-31T14:22:03","date_gmt":"2018-08-31T17:22:03","guid":{"rendered":"https:\/\/ies9023-mza.infd.edu.ar\/sitio\/tecnicatura-superior-en-administracion-publica-4\/"},"modified":"2025-12-11T21:39:01","modified_gmt":"2025-12-12T00:39:01","slug":"tecnicatura-superior-en-administracion-publica-4","status":"publish","type":"page","link":"https:\/\/ies9023-infd.mendoza.edu.ar\/sitio\/oferta-academica-2\/tecnicatura-superior-en-administracion-publica-4\/","title":{"rendered":"Tecnicatura Superior en Administraci\u00f3n P\u00fablica"},"content":{"rendered":"<p><img decoding=\"async\" loading=\"lazy\" class=\"alignnone  wp-image-2354\" src=\"https:\/\/ies9023-infd.mendoza.edu.ar\/sitio\/wp-content\/uploads\/2022\/08\/Tec-AdmPbca-v03-1000x1000-1-1000x1000.jpg\" alt=\"\" width=\"419\" height=\"419\" srcset=\"https:\/\/ies9023-infd.mendoza.edu.ar\/sitio\/wp-content\/uploads\/2022\/08\/Tec-AdmPbca-v03-1000x1000-1.jpg 1000w, https:\/\/ies9023-infd.mendoza.edu.ar\/sitio\/wp-content\/uploads\/2022\/08\/Tec-AdmPbca-v03-1000x1000-1-500x500.jpg 500w, https:\/\/ies9023-infd.mendoza.edu.ar\/sitio\/wp-content\/uploads\/2022\/08\/Tec-AdmPbca-v03-1000x1000-1-768x768.jpg 768w\" sizes=\"(max-width: 419px) 100vw, 419px\" \/><\/p>\n<p><strong>Tecnicatura Superior en Administraci\u00f3n P\u00fablica. <\/strong><strong>RES. N\u00b0 697- DGE- <a href=\"https:\/\/ies9023-infd.mendoza.edu.ar\/sitio\/wp-content\/uploads\/2025\/12\/RESOL-2019-0697-DGE-TS-en-Administracion-Publica.pdf\">2019<\/a><\/strong><\/p>\n<h6>Horario de cursado:<br \/>\nTURNO NOCHE 19 A 23H<\/h6>\n<p><em>En el curso de Ingreso debe rendir: Matem\u00e1tica, Estado y Sociedad, Administraci\u00f3n General<\/em><\/p>\n<div><strong>PRIMER A\u00d1O<\/strong><\/div>\n<div>1 ADMINISTRACI\u00d3N GENERAL<\/div>\n<div>2 MATEM\u00c1TICA Y ESTAD\u00cdSTICA<\/div>\n<div>3 INFORM\u00c1TICA Y TECNOLOG\u00cdA<\/div>\n<div>4 INGL\u00c9S T\u00c9CNICO<\/div>\n<div>5 COMUNICACI\u00d3N, COMPRENSI\u00d3N Y PRODUCCI\u00d3N DE TEXTOS<\/div>\n<div>6 METODOLOG\u00cdA DE LA INVESTIGACI\u00d3N<\/div>\n<div>7 MICROECONOM\u00cdA<\/div>\n<div>8 MACROECONOM\u00cdA<\/div>\n<div>9 PROBLEM\u00c1TICA SOCIOCULTURAL Y EL CONTEXTO<\/div>\n<div>10 PR\u00c1CTICA PROFESIONALIZANTE I<\/div>\n<div><\/div>\n<div><strong>SEGUNDO A\u00d1O<\/strong><\/div>\n<div>11 DESARROLLO LOCAL\u00a0 SUSTENTABLE<\/div>\n<div>12 INGL\u00c9S T\u00c9CNICO II<\/div>\n<div>13 ESTADO Y SOCIEDAD<\/div>\n<div>14 ADMINISTRACI\u00d3N P\u00daBLICA<\/div>\n<div>15 FORMULACI\u00d3N Y EVALUACI\u00d3N DE PROYECTOS<\/div>\n<div>16 INTRODUCCI\u00d3N AL DERECHO<\/div>\n<div>17 INTRODUCCI\u00d3N A LA CONTABILIDAD<\/div>\n<div>18 DERECHO CONSTITUCIONAL<\/div>\n<div>19 CONTABILIDAD P\u00daBLICA<\/div>\n<div>20 PR\u00c1CTICA PROFESIONALIZANTE II<\/div>\n<div><\/div>\n<div><strong>TERCER A\u00d1O<\/strong><\/div>\n<div>21 GESTI\u00d3N DE POL\u00cdTICAS P\u00daBLICAS<\/div>\n<div>22 PRESUPUESTO Y FINANZAS P\u00daBLICAS<\/div>\n<div>23 DERECHO ADMINISTRATIVO<\/div>\n<div>24 AN\u00c1LISIS Y DESARROLLO ORGANIZACIONAL<\/div>\n<div>25 \u00c9TICA PROFESIONAL<\/div>\n<div>26 CONTROL DE LA GESTI\u00d3N P\u00daBLICA<\/div>\n<div>27 PROCEDIMIENTOS DE COMPRAS Y CONTRATACIONES<\/div>\n<div>28 T\u00c9CNICA LEGISLATIVA<\/div>\n<div>29 GESTI\u00d3N DE PERSONAL<\/div>\n<div>30 COMUNICACI\u00d3N ORGANIZACIONAL<\/div>\n<div>31 INFORM\u00c1TICA Y TECNOLOG\u00cdA APLICADA<\/div>\n<div>32 PR\u00c1CTICA PROFESIONALIZANTE III<\/div>\n<p><a name=\"tsds\"><\/a><\/p>\n","protected":false},"excerpt":{"rendered":"<p>Tecnicatura Superior en Administraci\u00f3n P\u00fablica. RES. N\u00b0 697- DGE- 2019 Horario de cursado: TURNO NOCHE 19 A 23H En el curso de Ingreso debe rendir: Matem\u00e1tica, Estado y Sociedad, Administraci\u00f3n General PRIMER A\u00d1O 1 ADMINISTRACI\u00d3N GENERAL 2 MATEM\u00c1TICA Y ESTAD\u00cdSTICA 3 INFORM\u00c1TICA Y TECNOLOG\u00cdA 4 INGL\u00c9S T\u00c9CNICO 5 COMUNICACI\u00d3N, COMPRENSI\u00d3N Y PRODUCCI\u00d3N DE TEXTOS 6 &#8230; <a title=\"Tecnicatura Superior en Administraci\u00f3n P\u00fablica\" class=\"read-more\" href=\"https:\/\/ies9023-infd.mendoza.edu.ar\/sitio\/oferta-academica-2\/tecnicatura-superior-en-administracion-publica-4\/\" aria-label=\"More on Tecnicatura Superior en Administraci\u00f3n P\u00fablica\">[+]<\/a><\/p>\n","protected":false},"author":528,"featured_media":0,"parent":2749,"menu_order":0,"comment_status":"closed","ping_status":"closed","template":"","meta":[],"acf":[],"_links":{"self":[{"href":"https:\/\/ies9023-infd.mendoza.edu.ar\/sitio\/wp-json\/wp\/v2\/pages\/1044"}],"collection":[{"href":"https:\/\/ies9023-infd.mendoza.edu.ar\/sitio\/wp-json\/wp\/v2\/pages"}],"about":[{"href":"https:\/\/ies9023-infd.mendoza.edu.ar\/sitio\/wp-json\/wp\/v2\/types\/page"}],"author":[{"embeddable":true,"href":"https:\/\/ies9023-infd.mendoza.edu.ar\/sitio\/wp-json\/wp\/v2\/users\/528"}],"replies":[{"embeddable":true,"href":"https:\/\/ies9023-infd.mendoza.edu.ar\/sitio\/wp-json\/wp\/v2\/comments?post=1044"}],"version-history":[{"count":8,"href":"https:\/\/ies9023-infd.mendoza.edu.ar\/sitio\/wp-json\/wp\/v2\/pages\/1044\/revisions"}],"predecessor-version":[{"id":3696,"href":"https:\/\/ies9023-infd.mendoza.edu.ar\/sitio\/wp-json\/wp\/v2\/pages\/1044\/revisions\/3696"}],"up":[{"embeddable":true,"href":"https:\/\/ies9023-infd.mendoza.edu.ar\/sitio\/wp-json\/wp\/v2\/pages\/2749"}],"wp:attachment":[{"href":"https:\/\/ies9023-infd.mendoza.edu.ar\/sitio\/wp-json\/wp\/v2\/media?parent=1044"}],"curies":[{"name":"wp","href":"https:\/\/api.w.org\/{rel}","templated":true}]}}