{"id":1042,"date":"2018-08-31T14:22:02","date_gmt":"2018-08-31T17:22:02","guid":{"rendered":"https:\/\/ies9023-mza.infd.edu.ar\/sitio\/profesorado-de-educacion-secundaria-matematica\/"},"modified":"2025-12-11T21:32:43","modified_gmt":"2025-12-12T00:32:43","slug":"profesorado-de-educacion-secundaria-matematica","status":"publish","type":"page","link":"https:\/\/ies9023-infd.mendoza.edu.ar\/sitio\/oferta-academica-2\/profesorado-de-educacion-secundaria-matematica\/","title":{"rendered":"Profesorado de Educaci\u00f3n Secundaria en Matem\u00e1tica"},"content":{"rendered":"<h6>Horario de cursado: TURNO MA\u00d1ANA 8.00 A 13.00 Hs.<\/h6>\n<p>Duraci\u00f3n: 4 a\u00f1os<\/p>\n<h3><strong>RES. N\u00b0 <a href=\"https:\/\/ies9023-infd.mendoza.edu.ar\/sitio\/wp-content\/uploads\/2025\/12\/RESOL-2023-6872-DGE-Profesorado-de-de-Educacion-Secundaria-en-Matematica-.pdf\">6872-DGE-2023<\/a><\/strong><\/h3>\n<pre><strong>PRIMER A\u00d1O<br \/><\/strong><br \/>1 PENSAMIENTO FILOS\u00d3FICO<br \/>2 SISTEMA EDUCATIVO<br \/>3 COMPRENSI\u00d3N Y PRODUCCI\u00d3N DE TEXTOS ACAD\u00c9MICOS<br \/>4 EL QUEHACER MATEM\u00c1TICO<br \/>5 C\u00c1LCULO I<br \/>6 \u00c1LGEBRA I<br \/>7 GEOMETR\u00cdA I<br \/>8 PEDAGOG\u00cdA<br \/>9 PR\u00c1CTICA PROFESIONAL DOCENTE I<\/pre>\n<pre><strong>SEGUNDO A\u00d1O<br \/><\/strong><br \/>10 DID\u00c1CTICA<br \/>11 SUJETOS DE LA EDUCACI\u00d3N<br \/>12 C\u00c1LCULO II<br \/>13 \u00c1LGEBRA II<br \/>14 GEOMETR\u00cdA II<br \/>15 DID\u00c1CTICA DE LA MATEM\u00c1TICA I<br \/>16 INSTITUCIONES EDUCATIVAS<br \/>17 PSICOLOG\u00cdA EDUCACIONAL<br \/>18 DID\u00c1CTICA DE LA MATEM\u00c1TICA II<br \/>19 PR\u00c1CTICA PROFESIONAL DOCENTE II<\/pre>\n<pre><strong>TERCER A\u00d1O<br \/><\/strong><br \/>20 GESTI\u00d3N Y EVALUACI\u00d3N DE LOS APRENDIZAJES<br \/>21 PROYECTOS DE INTERVENCI\u00d3N SOCIOEDUCATIVA<br \/>22 PROBABILIDAD Y ESTAD\u00cdSTICA I<br \/>23 DID\u00c1CTICA DE LA MATEM\u00c1TICA III<br \/>24 HISTORIA DE LA MATEM\u00c1TICA<br \/>25 GEOMETR\u00cdA III<br \/>26 F\u00cdSICA I<br \/>27 EDUCACI\u00d3N Y TECNOLOG\u00cdAS DIGITALES<br \/>28 COMPLEMENTO DE LA FORMACI\u00d3N ESPEC\u00cdFICA<br \/>29 DID\u00c1CTICA DE LA MATEM\u00c1TICA IV<br \/>30 PR\u00c1CTICA PROFESIONAL DOCENTE III<\/pre>\n<pre><strong>CUARTO A\u00d1O<br \/><\/strong><br \/>31 HISTORIA Y PATRIMONIO CULTURAL DE MENDOZA<br \/>32 EDUCACI\u00d3N EN LA DIVERSIDAD<br \/>33 C\u00c1LCULO III<br \/>34 PROBABILIDAD Y ESTAD\u00cdSTICA II<br \/>35 F\u00cdSICA II<br \/>36 EDUCACI\u00d3N SEXUAL INTEGRAL<br \/>37 COMPLEMENTO DE LA FORMACI\u00d3N GENERAL<br \/>38 PR\u00c1CTICA PROFESIONAL DOCENTE IV<\/pre>\n\n\n<div  class=\"lgc-column lgc-grid-parent lgc-grid-50 lgc-tablet-grid-50 lgc-mobile-grid-100 lgc-equal-heights \"><div  class=\"inside-grid-column\"><a href=\"https:\/\/www.mendoza.edu.ar\/\" target=\"_blank\" rel=\"noopener\"><img decoding=\"async\" loading=\"lazy\" class=\"aligncenter wp-image-2694\" src=\"https:\/\/ies9023-infd.mendoza.edu.ar\/sitio\/wp-content\/uploads\/2024\/09\/blancoRecurso-1logo-1.png\" alt=\"\" width=\"312\" height=\"71\" \/><\/a><\/div><\/div>\n<div  class=\"lgc-column lgc-grid-parent lgc-grid-50 lgc-tablet-grid-50 lgc-mobile-grid-100 lgc-equal-heights \"><div  class=\"inside-grid-column\"><a href=\"https:\/\/ies9023-infd.mendoza.edu.ar\/sitio\/\" target=\"_blank\" rel=\"noopener\"><img decoding=\"async\" loading=\"lazy\" class=\"aligncenter wp-image-2722\" src=\"https:\/\/ies9023-infd.mendoza.edu.ar\/sitio\/wp-content\/uploads\/2024\/09\/blancoRecurso-2logo.png\" alt=\"\" width=\"300\" height=\"70\" \/><\/a><\/div><\/div>\n<hr \/>\n<div  class=\"lgc-column lgc-grid-parent lgc-grid-100 lgc-tablet-grid-100 lgc-mobile-grid-100 lgc-equal-heights \"><div  class=\"inside-grid-column\">\n<p style=\"text-align: center;\">Dionisio Herrero 303 &#8211; Maip\u00fa &#8211; Mendoza &#8211; M5515WE. WEB: ies9023-infd.mendoza.edu.ar. EMAIL: infoies9023@gmail.com. WHATSAPP: 5492616121340. INSTAGRAM: @ies9023maip\u00fa. FACEBOOK: IES9023MAIPU<\/p>\n<p><\/p><\/div><\/div>\n","protected":false},"excerpt":{"rendered":"<p>Horario de cursado: TURNO MA\u00d1ANA 8.00 A 13.00 Hs. Duraci\u00f3n: 4 a\u00f1os RES. N\u00b0 6872-DGE-2023 PRIMER A\u00d1O1 PENSAMIENTO FILOS\u00d3FICO2 SISTEMA EDUCATIVO3 COMPRENSI\u00d3N Y PRODUCCI\u00d3N DE TEXTOS ACAD\u00c9MICOS4 EL QUEHACER MATEM\u00c1TICO5 C\u00c1LCULO I6 \u00c1LGEBRA I7 GEOMETR\u00cdA I8 PEDAGOG\u00cdA9 PR\u00c1CTICA PROFESIONAL DOCENTE I SEGUNDO A\u00d1O10 DID\u00c1CTICA11 SUJETOS DE LA EDUCACI\u00d3N12 C\u00c1LCULO II13 \u00c1LGEBRA II14 GEOMETR\u00cdA II15 DID\u00c1CTICA &#8230; <a title=\"Profesorado de Educaci\u00f3n Secundaria en Matem\u00e1tica\" class=\"read-more\" href=\"https:\/\/ies9023-infd.mendoza.edu.ar\/sitio\/oferta-academica-2\/profesorado-de-educacion-secundaria-matematica\/\" aria-label=\"More on Profesorado de Educaci\u00f3n Secundaria en Matem\u00e1tica\">[+]<\/a><\/p>\n","protected":false},"author":551,"featured_media":0,"parent":2749,"menu_order":0,"comment_status":"closed","ping_status":"closed","template":"","meta":[],"acf":[],"_links":{"self":[{"href":"https:\/\/ies9023-infd.mendoza.edu.ar\/sitio\/wp-json\/wp\/v2\/pages\/1042"}],"collection":[{"href":"https:\/\/ies9023-infd.mendoza.edu.ar\/sitio\/wp-json\/wp\/v2\/pages"}],"about":[{"href":"https:\/\/ies9023-infd.mendoza.edu.ar\/sitio\/wp-json\/wp\/v2\/types\/page"}],"author":[{"embeddable":true,"href":"https:\/\/ies9023-infd.mendoza.edu.ar\/sitio\/wp-json\/wp\/v2\/users\/551"}],"replies":[{"embeddable":true,"href":"https:\/\/ies9023-infd.mendoza.edu.ar\/sitio\/wp-json\/wp\/v2\/comments?post=1042"}],"version-history":[{"count":13,"href":"https:\/\/ies9023-infd.mendoza.edu.ar\/sitio\/wp-json\/wp\/v2\/pages\/1042\/revisions"}],"predecessor-version":[{"id":3694,"href":"https:\/\/ies9023-infd.mendoza.edu.ar\/sitio\/wp-json\/wp\/v2\/pages\/1042\/revisions\/3694"}],"up":[{"embeddable":true,"href":"https:\/\/ies9023-infd.mendoza.edu.ar\/sitio\/wp-json\/wp\/v2\/pages\/2749"}],"wp:attachment":[{"href":"https:\/\/ies9023-infd.mendoza.edu.ar\/sitio\/wp-json\/wp\/v2\/media?parent=1042"}],"curies":[{"name":"wp","href":"https:\/\/api.w.org\/{rel}","templated":true}]}}